{"id":5347,"date":"2024-11-11T14:54:37","date_gmt":"2024-11-11T13:54:37","guid":{"rendered":"https:\/\/frachtschiffreisen-pfeiffer.de\/news-details-1\/"},"modified":"2026-03-27T15:12:13","modified_gmt":"2026-03-27T14:12:13","slug":"ms-nordstjernen","status":"publish","type":"page","link":"https:\/\/frachtschiffreisen-pfeiffer.de\/en\/freighter-voyages\/all-freighter-voyages\/ms-nordstjernen\/","title":{"rendered":"MS NORDSTJERNEN &#8211; NOSTALGIA TRIPS WITH A HISTORIC CARGO, MAIL AND PASSENGER SHIP"},"content":{"rendered":"<div class=\"wpb-content-wrapper\">[vc_row content_width=&#8221;grid&#8221;][vc_column][vc_column_text css=&#8221;&#8221;]\n<p><a href=\"https:\/\/frachtschiffreisen-pfeiffer.de\/frachtschiffreisen\/Nordstjernen\/2026_NOR_13_english.pdf\" target=\"_blank\" rel=\"noopener\"><strong>NOR &#8211; 13<\/strong><\/a><br \/>\nRound-trip: Bergen \u2013 Shetland \u2013 Orkney Islands: Cliffs, puffins and history<br \/>\nWarnem\u00fcnde \u2013 Day at sea \u2013 Bergen \u2013 Lerwick \u2013 Scalloway \u2013 Foula \u2013 Kirkwall \u2013 Papa Westray \u2013 Bergen \u2013 Lillesand \u2013 \u00c6r\u00f8sk\u00f8bing \u2013 Warnem\u00fcnde<br \/>\n20 June \u2013 1 July 2026 \u2013 12 days \/ 11 nights<\/p>\n<p>&nbsp;<\/p>\n<p><a href=\"https:\/\/frachtschiffreisen-pfeiffer.de\/frachtschiffreisen\/Nordstjernen\/2026_NOR_18_english.pdf\" target=\"_blank\" rel=\"noopener\"><strong>NOR &#8211; 18 <\/strong><\/a><br \/>\nAnniversary Summer: On the Nordstjernen to the Fjordsteam 2026 in Bergen<br \/>\nCopenhagen\/Malm\u00f6 \u2013 Aalborg \u2013 Kristiansand \u2013 Bekkjarvik \u2013 Bergen<br \/>\n2\u20136 August 2026 \u2013 5 days \/ 4 nights \u2013 Up to 3 extra nights available<\/p>\n<p>&nbsp;<\/p>\n<p><a href=\"https:\/\/frachtschiffreisen-pfeiffer.de\/frachtschiffreisen\/Nordstjernen\/2026_NOR_19_english.pdf\" target=\"_blank\" rel=\"noopener\"><strong>NOR &#8211; 19<\/strong><\/a><br \/>\nNorthern Islands in the West Wind \u2013 Discovery Tour of Shetland and the Faroe Islands<br \/>\nBergen \u2013 Lerwick \u2013 Papa Stour \u2013 V\u00e1gur \u2013 Klaksvik \u2013 Elduvik \u2013 T\u00f3rshavn \u2013 Oyndarfj\u00f8r\u00f0ur \u2013 B\u00f8ur \u2013 Tv\u00f8royri \u2013 Scalloway \u2013 Fetlar \u2013 Bergen<br \/>\n09\u201315 August 2026 \u2013 15\u201321 August 2026 \u2013 13 days \/ 12 nights With the option to start or end in the middle (T\u00f3rshavn)<\/p>\n<p>&nbsp;<\/p>\n<p><a href=\"https:\/\/frachtschiffreisen-pfeiffer.de\/frachtschiffreisen\/Nordstjernen\/2026_NOR_20_english.pdf\" target=\"_blank\" rel=\"noopener\"><strong>NOR &#8211; 20<\/strong><\/a><br \/>\nIsland dreams in the English Channel \u2013 Guernsey, Jersey &amp; Sark<br \/>\nBremerhaven \u2013 Ostend \u2013 Guernsey \u2013 Guernsey \u2013 Sark \u2013 Jersey \u2013 Day at sea \u2013 IJmuiden \u2013 Bremerhaven<br \/>\n15\u201323 September 2026 \u2013 9 days \/ 8 nights<\/p>\n<p>&nbsp;<\/p>\n<p><a href=\"https:\/\/frachtschiffreisen-pfeiffer.de\/frachtschiffreisen\/Nordstjernen\/2026_NOR_21_english.pdf\" target=\"_blank\" rel=\"noopener\"><strong>NOR &#8211; 21<\/strong><\/a><br \/>\nShort trip on the Kiel Canal \u2013 eastbound<br \/>\nBremerhaven \u2013 Kiel Canal \u2013 Warnem\u00fcnde<br \/>\n23\u201325 September 2026 \u2013 3 days \/ 2 nights<\/p>\n<p>&nbsp;<\/p>\n<p><a href=\"https:\/\/frachtschiffreisen-pfeiffer.de\/frachtschiffreisen\/Nordstjernen\/2026_NOR_22_english.pdf\" target=\"_blank\" rel=\"noopener\"><strong>NOR &#8211; 22<\/strong><\/a><br \/>\nEnchanting Fjord Norway \u2013 Travelling through Hardanger and Sauda Fjords<br \/>\nWarnem\u00fcnde \u2013 Malm\u00f6 \u2013 Kristiansand \u2013 Rosendal \u2013 Eidfjord \u2013 Sauda \u2013 Flekkefjord \u2013 Gothenburg \u2013 Warnem\u00fcnde<br \/>\n25 September \u2013 3 October 2026 \u2013 9 days \/ 8 nights<\/p>\n<p>&nbsp;<\/p>\n<p><a href=\"https:\/\/frachtschiffreisen-pfeiffer.de\/frachtschiffreisen\/Nordstjernen\/2026_NOR_23_english.pdf\" target=\"_blank\" rel=\"noopener\"><strong>NOR &#8211; 23<\/strong><\/a><br \/>\nBaltic Sea Round Trip \u2013 In the Footsteps of the Hanseatic League<br \/>\nWarnem\u00fcnde \u2013 Stralsund \u2013 Gudhjem \u2013 Gda\u0144sk \u2013 Kalmar \u2013 Szczecin \u2013 Warnem\u00fcnde<br \/>\n3\u20139 October 2026 \u2013 7 days \/ 6 nights<\/p>\n<p>&nbsp;<\/p>\n<p><a href=\"https:\/\/frachtschiffreisen-pfeiffer.de\/frachtschiffreisen\/Nordstjernen\/2026_NOR_60_english.pdf\" target=\"_blank\" rel=\"noopener\"><strong>NOR &#8211; 60<\/strong><\/a><br \/>\nScandinavian Summer \u2013 Around Denmark via the Kiel Canal<br \/>\nWarnem\u00fcnde \u2013 Malm\u00f6 \u2013 Lillesand \u2013 Esbjerg \u2013 Heligoland \u2013 Kiel Canal \u2013 Warnem\u00fcnde<br \/>\n8\u201314 July 2026 \u2013 7 days \/ 6 nights<\/p>\n<p>&nbsp;<\/p>\n<p><a href=\"https:\/\/frachtschiffreisen-pfeiffer.de\/frachtschiffreisen\/Nordstjernen\/2026_NOR_70_english.pdf\" target=\"_blank\" rel=\"noopener\"><strong>NOR &#8211; 70<\/strong><\/a><br \/>\n70th Anniversary \u2013 M\/S \u2018Nordstjernen\u2019 \u2013 Anniversary Summer Cruise<br \/>\nWarnem\u00fcnde \u2013 Malm\u00f6 \u2013 Flekkefjord \u2013 Bergen \u2013 \u00c5lesund \u2013 Bessaker \u2013 Bod\u00f8 \u2013 Troms\u00f8 \u2013 Honningsv\u00e5g \u2013 Kirkenes \u2013 Vard\u00f8 \u2013 Hammerfest \u2013 Stokmarknes \u2013 Svolv\u00e6r \u2013 Br\u00f8nn\u00f8ysund \u2013 R\u00f8rvik \u2013 Kristiansund \u2013 Bergen \u2013 Leirvik \u2013 Day at sea \u2013 Warnem\u00fcnde \u2013 Malm\u00f6<br \/>\n14 July \u2013 1 August 2026 \u2013 19 days \/ 18 nights<\/p>\n<p>&nbsp;<\/p>\n<p>Detailed information about the cabins of MS Nordstjernen: <a href=\"https:\/\/frachtschiffreisen-pfeiffer.de\/frachtschiffreisen\/Nordstjernen\/Nordstjernen-Kabinen.pdf\">\u00bb Nordstjernen Cabins<\/a><\/p>\n<p>&nbsp;<\/p>\n<hr \/>\n<p>The ship, the NORDSTJERNEN, was built in 1956 at the renowned Hamburg shipyard Blohm &amp; Voss.<\/p>\n<p>For 56 years, she sailed for the well-known Hurtigruten on the Norwegian coast and was the only way to reach small towns, as the road and rail network had not yet been developed. There were always three postmen on board to sort mail and parcels. Cars were transported on the forecastle and the cargo hold was also used extensively for the various needs of the population.<\/p>\n<p>In 2012, the ship was sold to the Norwegian shipping company Vestland Classic, which extensively renovated and restored it. This work had to be carried out strictly in accordance with the requirements of monument protection, as the ship was to be preserved for posterity in its original form and equipment in accordance with the specifications of the Norwegian Antiquarian. In the years 2015 &#8211; 2024, the ship was again chartered by Hurtigruten, which used it to supply the population of Spitsbergen.<\/p>\n<p>Due to new legal regulations, the ship is no longer allowed to sail in polar waters and is now only available for passenger travel from spring to fall from 2025.<\/p>\n<p>The ship is in excellent condition and embodies the flair of the 1950s, which is probably no longer to be found in this form anywhere else in the world.<\/p>\n<p>Around 70 &#8211; 90 passengers have room on board in the nostalgically small cabins with bunk beds and (mostly) shower\/WC.<\/p>\n<p>There are now enthusiasts of the ship who feel like a kind of \u201cshiplover family\u201d. The NORDTJRENEN is the most photographed ship in the Kiel Canal. The shared \u201cexperience of something special\u201d is what makes these trips so appealing.<\/p>\n<p>Excursions and\/or sightseeing tours are offered in every port.<\/p>\n<p>The friendly crew of 28 is part of the ship&#8217;s family.<\/p>\n<p>The languages spoken on board are German, English and Norwegian.<\/p>\n<p>There is no age restriction, but unrestricted mobility is required.<\/p>\n<p>Here are some more ship details: NORDSTJERNEN, year of construction 1956, Norwegian shipping company, Northern European ship&#8217;s command, length 80.77 m, width 12.60 m, draught 4.50 m, speed 15.5 kn, engine MaK (Maschinenbau Kiel), 3001 hp.[\/vc_column_text][\/vc_column][\/vc_row]\n<\/div>","protected":false},"excerpt":{"rendered":"<p>[vc_row content_width=&#8221;grid&#8221;][vc_column][vc_column_text css=&#8221;&#8221;] NOR &#8211; 13 Round-trip: Bergen \u2013 Shetland \u2013 Orkney Islands: Cliffs, puffins and history Warnem\u00fcnde \u2013 Day at sea \u2013 Bergen \u2013 Lerwick \u2013 Scalloway \u2013 Foula \u2013 Kirkwall \u2013 Papa Westray \u2013 Bergen \u2013 Lillesand \u2013 \u00c6r\u00f8sk\u00f8bing \u2013 Warnem\u00fcnde 20 June&#8230;<\/p>\n","protected":false},"author":1,"featured_media":0,"parent":3022,"menu_order":0,"comment_status":"closed","ping_status":"closed","template":"full-width.php","meta":{"_acf_changed":false,"footnotes":"","_wp_rev_ctl_limit":""},"class_list":["post-5347","page","type-page","status-publish","hentry"],"acf":[],"yoast_head":"<!-- This site is optimized with the Yoast SEO plugin v27.2 - https:\/\/yoast.com\/product\/yoast-seo-wordpress\/ -->\n<title>MS NORDSTJERNEN - NOSTALGIA TRIPS WITH A HISTORIC CARGO, MAIL AND PASSENGER SHIP - Frachtschiffreisen Pfeiffer<\/title>\n<meta name=\"robots\" content=\"index, follow, max-snippet:-1, max-image-preview:large, max-video-preview:-1\" \/>\n<link rel=\"canonical\" href=\"https:\/\/frachtschiffreisen-pfeiffer.de\/en\/freighter-voyages\/all-freighter-voyages\/ms-nordstjernen\/\" \/>\n<meta property=\"og:locale\" content=\"en_US\" \/>\n<meta property=\"og:type\" content=\"article\" \/>\n<meta property=\"og:title\" content=\"MS NORDSTJERNEN - NOSTALGIA TRIPS WITH A HISTORIC CARGO, MAIL AND PASSENGER SHIP - Frachtschiffreisen Pfeiffer\" \/>\n<meta property=\"og:description\" content=\"[vc_row content_width=&#8221;grid&#8221;][vc_column][vc_column_text css=&#8221;&#8221;] NOR &#8211; 13 Round-trip: Bergen \u2013 Shetland \u2013 Orkney Islands: Cliffs, puffins and history Warnem\u00fcnde \u2013 Day at sea \u2013 Bergen \u2013 Lerwick \u2013 Scalloway \u2013 Foula \u2013 Kirkwall \u2013 Papa Westray \u2013 Bergen \u2013 Lillesand \u2013 \u00c6r\u00f8sk\u00f8bing \u2013 Warnem\u00fcnde 20 June...\" \/>\n<meta property=\"og:url\" content=\"https:\/\/frachtschiffreisen-pfeiffer.de\/en\/freighter-voyages\/all-freighter-voyages\/ms-nordstjernen\/\" \/>\n<meta property=\"og:site_name\" content=\"Frachtschiffreisen Pfeiffer\" \/>\n<meta property=\"article:publisher\" content=\"https:\/\/www.facebook.com\/Frachtschiffreisen.Pfeiffer\" \/>\n<meta property=\"article:modified_time\" content=\"2026-03-27T14:12:13+00:00\" \/>\n<meta name=\"twitter:card\" content=\"summary_large_image\" \/>\n<meta name=\"twitter:label1\" content=\"Est. reading time\" \/>\n\t<meta name=\"twitter:data1\" content=\"3 minutes\" \/>\n<script type=\"application\/ld+json\" class=\"yoast-schema-graph\">{\"@context\":\"https:\/\/schema.org\",\"@graph\":[{\"@type\":\"WebPage\",\"@id\":\"https:\/\/frachtschiffreisen-pfeiffer.de\/en\/freighter-voyages\/all-freighter-voyages\/ms-nordstjernen\/\",\"url\":\"https:\/\/frachtschiffreisen-pfeiffer.de\/en\/freighter-voyages\/all-freighter-voyages\/ms-nordstjernen\/\",\"name\":\"MS NORDSTJERNEN - NOSTALGIA TRIPS WITH A HISTORIC CARGO, MAIL AND PASSENGER SHIP - Frachtschiffreisen Pfeiffer\",\"isPartOf\":{\"@id\":\"https:\/\/frachtschiffreisen-pfeiffer.de\/en\/#website\"},\"datePublished\":\"2024-11-11T13:54:37+00:00\",\"dateModified\":\"2026-03-27T14:12:13+00:00\",\"breadcrumb\":{\"@id\":\"https:\/\/frachtschiffreisen-pfeiffer.de\/en\/freighter-voyages\/all-freighter-voyages\/ms-nordstjernen\/#breadcrumb\"},\"inLanguage\":\"en-US\",\"potentialAction\":[{\"@type\":\"ReadAction\",\"target\":[\"https:\/\/frachtschiffreisen-pfeiffer.de\/en\/freighter-voyages\/all-freighter-voyages\/ms-nordstjernen\/\"]}]},{\"@type\":\"BreadcrumbList\",\"@id\":\"https:\/\/frachtschiffreisen-pfeiffer.de\/en\/freighter-voyages\/all-freighter-voyages\/ms-nordstjernen\/#breadcrumb\",\"itemListElement\":[{\"@type\":\"ListItem\",\"position\":1,\"name\":\"Startseite\",\"item\":\"https:\/\/frachtschiffreisen-pfeiffer.de\/en\/\"},{\"@type\":\"ListItem\",\"position\":2,\"name\":\"Freighter Voyages\",\"item\":\"https:\/\/frachtschiffreisen-pfeiffer.de\/en\/freighter-voyages\/\"},{\"@type\":\"ListItem\",\"position\":3,\"name\":\"All Freighter Voyages\",\"item\":\"https:\/\/frachtschiffreisen-pfeiffer.de\/en\/freighter-voyages\/all-freighter-voyages\/\"},{\"@type\":\"ListItem\",\"position\":4,\"name\":\"MS NORDSTJERNEN &#8211; NOSTALGIA TRIPS WITH A HISTORIC CARGO, MAIL AND PASSENGER SHIP\"}]},{\"@type\":\"WebSite\",\"@id\":\"https:\/\/frachtschiffreisen-pfeiffer.de\/en\/#website\",\"url\":\"https:\/\/frachtschiffreisen-pfeiffer.de\/en\/\",\"name\":\"Frachtschiffreisen Pfeiffer\",\"description\":\"Kompetenz aus Erfahrung - Frachtschiffreisen, Binnenschiffsreisen, Weltreisen\",\"publisher\":{\"@id\":\"https:\/\/frachtschiffreisen-pfeiffer.de\/en\/#organization\"},\"potentialAction\":[{\"@type\":\"SearchAction\",\"target\":{\"@type\":\"EntryPoint\",\"urlTemplate\":\"https:\/\/frachtschiffreisen-pfeiffer.de\/en\/?s={search_term_string}\"},\"query-input\":{\"@type\":\"PropertyValueSpecification\",\"valueRequired\":true,\"valueName\":\"search_term_string\"}}],\"inLanguage\":\"en-US\"},{\"@type\":\"Organization\",\"@id\":\"https:\/\/frachtschiffreisen-pfeiffer.de\/en\/#organization\",\"name\":\"Frachtschiffreisen Pfeiffer\",\"url\":\"https:\/\/frachtschiffreisen-pfeiffer.de\/en\/\",\"logo\":{\"@type\":\"ImageObject\",\"inLanguage\":\"en-US\",\"@id\":\"https:\/\/frachtschiffreisen-pfeiffer.de\/en\/#\/schema\/logo\/image\/\",\"url\":\"https:\/\/frachtschiffreisen-pfeiffer.de\/wp-content\/uploads\/2020\/02\/Pfeiffer-Logo-mit-Schriftzug-auf-weiss-1920x353-1.jpg\",\"contentUrl\":\"https:\/\/frachtschiffreisen-pfeiffer.de\/wp-content\/uploads\/2020\/02\/Pfeiffer-Logo-mit-Schriftzug-auf-weiss-1920x353-1.jpg\",\"width\":1920,\"height\":353,\"caption\":\"Frachtschiffreisen Pfeiffer\"},\"image\":{\"@id\":\"https:\/\/frachtschiffreisen-pfeiffer.de\/en\/#\/schema\/logo\/image\/\"},\"sameAs\":[\"https:\/\/www.facebook.com\/Frachtschiffreisen.Pfeiffer\"]}]}<\/script>\n<!-- \/ Yoast SEO plugin. -->","yoast_head_json":{"title":"MS NORDSTJERNEN - NOSTALGIA TRIPS WITH A HISTORIC CARGO, MAIL AND PASSENGER SHIP - Frachtschiffreisen Pfeiffer","robots":{"index":"index","follow":"follow","max-snippet":"max-snippet:-1","max-image-preview":"max-image-preview:large","max-video-preview":"max-video-preview:-1"},"canonical":"https:\/\/frachtschiffreisen-pfeiffer.de\/en\/freighter-voyages\/all-freighter-voyages\/ms-nordstjernen\/","og_locale":"en_US","og_type":"article","og_title":"MS NORDSTJERNEN - NOSTALGIA TRIPS WITH A HISTORIC CARGO, MAIL AND PASSENGER SHIP - Frachtschiffreisen Pfeiffer","og_description":"[vc_row content_width=&#8221;grid&#8221;][vc_column][vc_column_text css=&#8221;&#8221;] NOR &#8211; 13 Round-trip: Bergen \u2013 Shetland \u2013 Orkney Islands: Cliffs, puffins and history Warnem\u00fcnde \u2013 Day at sea \u2013 Bergen \u2013 Lerwick \u2013 Scalloway \u2013 Foula \u2013 Kirkwall \u2013 Papa Westray \u2013 Bergen \u2013 Lillesand \u2013 \u00c6r\u00f8sk\u00f8bing \u2013 Warnem\u00fcnde 20 June...","og_url":"https:\/\/frachtschiffreisen-pfeiffer.de\/en\/freighter-voyages\/all-freighter-voyages\/ms-nordstjernen\/","og_site_name":"Frachtschiffreisen Pfeiffer","article_publisher":"https:\/\/www.facebook.com\/Frachtschiffreisen.Pfeiffer","article_modified_time":"2026-03-27T14:12:13+00:00","twitter_card":"summary_large_image","twitter_misc":{"Est. reading time":"3 minutes"},"schema":{"@context":"https:\/\/schema.org","@graph":[{"@type":"WebPage","@id":"https:\/\/frachtschiffreisen-pfeiffer.de\/en\/freighter-voyages\/all-freighter-voyages\/ms-nordstjernen\/","url":"https:\/\/frachtschiffreisen-pfeiffer.de\/en\/freighter-voyages\/all-freighter-voyages\/ms-nordstjernen\/","name":"MS NORDSTJERNEN - NOSTALGIA TRIPS WITH A HISTORIC CARGO, MAIL AND PASSENGER SHIP - Frachtschiffreisen Pfeiffer","isPartOf":{"@id":"https:\/\/frachtschiffreisen-pfeiffer.de\/en\/#website"},"datePublished":"2024-11-11T13:54:37+00:00","dateModified":"2026-03-27T14:12:13+00:00","breadcrumb":{"@id":"https:\/\/frachtschiffreisen-pfeiffer.de\/en\/freighter-voyages\/all-freighter-voyages\/ms-nordstjernen\/#breadcrumb"},"inLanguage":"en-US","potentialAction":[{"@type":"ReadAction","target":["https:\/\/frachtschiffreisen-pfeiffer.de\/en\/freighter-voyages\/all-freighter-voyages\/ms-nordstjernen\/"]}]},{"@type":"BreadcrumbList","@id":"https:\/\/frachtschiffreisen-pfeiffer.de\/en\/freighter-voyages\/all-freighter-voyages\/ms-nordstjernen\/#breadcrumb","itemListElement":[{"@type":"ListItem","position":1,"name":"Startseite","item":"https:\/\/frachtschiffreisen-pfeiffer.de\/en\/"},{"@type":"ListItem","position":2,"name":"Freighter Voyages","item":"https:\/\/frachtschiffreisen-pfeiffer.de\/en\/freighter-voyages\/"},{"@type":"ListItem","position":3,"name":"All Freighter Voyages","item":"https:\/\/frachtschiffreisen-pfeiffer.de\/en\/freighter-voyages\/all-freighter-voyages\/"},{"@type":"ListItem","position":4,"name":"MS NORDSTJERNEN &#8211; NOSTALGIA TRIPS WITH A HISTORIC CARGO, MAIL AND PASSENGER SHIP"}]},{"@type":"WebSite","@id":"https:\/\/frachtschiffreisen-pfeiffer.de\/en\/#website","url":"https:\/\/frachtschiffreisen-pfeiffer.de\/en\/","name":"Frachtschiffreisen Pfeiffer","description":"Kompetenz aus Erfahrung - Frachtschiffreisen, Binnenschiffsreisen, Weltreisen","publisher":{"@id":"https:\/\/frachtschiffreisen-pfeiffer.de\/en\/#organization"},"potentialAction":[{"@type":"SearchAction","target":{"@type":"EntryPoint","urlTemplate":"https:\/\/frachtschiffreisen-pfeiffer.de\/en\/?s={search_term_string}"},"query-input":{"@type":"PropertyValueSpecification","valueRequired":true,"valueName":"search_term_string"}}],"inLanguage":"en-US"},{"@type":"Organization","@id":"https:\/\/frachtschiffreisen-pfeiffer.de\/en\/#organization","name":"Frachtschiffreisen Pfeiffer","url":"https:\/\/frachtschiffreisen-pfeiffer.de\/en\/","logo":{"@type":"ImageObject","inLanguage":"en-US","@id":"https:\/\/frachtschiffreisen-pfeiffer.de\/en\/#\/schema\/logo\/image\/","url":"https:\/\/frachtschiffreisen-pfeiffer.de\/wp-content\/uploads\/2020\/02\/Pfeiffer-Logo-mit-Schriftzug-auf-weiss-1920x353-1.jpg","contentUrl":"https:\/\/frachtschiffreisen-pfeiffer.de\/wp-content\/uploads\/2020\/02\/Pfeiffer-Logo-mit-Schriftzug-auf-weiss-1920x353-1.jpg","width":1920,"height":353,"caption":"Frachtschiffreisen Pfeiffer"},"image":{"@id":"https:\/\/frachtschiffreisen-pfeiffer.de\/en\/#\/schema\/logo\/image\/"},"sameAs":["https:\/\/www.facebook.com\/Frachtschiffreisen.Pfeiffer"]}]}},"_links":{"self":[{"href":"https:\/\/frachtschiffreisen-pfeiffer.de\/en\/wp-json\/wp\/v2\/pages\/5347","targetHints":{"allow":["GET"]}}],"collection":[{"href":"https:\/\/frachtschiffreisen-pfeiffer.de\/en\/wp-json\/wp\/v2\/pages"}],"about":[{"href":"https:\/\/frachtschiffreisen-pfeiffer.de\/en\/wp-json\/wp\/v2\/types\/page"}],"author":[{"embeddable":true,"href":"https:\/\/frachtschiffreisen-pfeiffer.de\/en\/wp-json\/wp\/v2\/users\/1"}],"replies":[{"embeddable":true,"href":"https:\/\/frachtschiffreisen-pfeiffer.de\/en\/wp-json\/wp\/v2\/comments?post=5347"}],"version-history":[{"count":5,"href":"https:\/\/frachtschiffreisen-pfeiffer.de\/en\/wp-json\/wp\/v2\/pages\/5347\/revisions"}],"predecessor-version":[{"id":6690,"href":"https:\/\/frachtschiffreisen-pfeiffer.de\/en\/wp-json\/wp\/v2\/pages\/5347\/revisions\/6690"}],"up":[{"embeddable":true,"href":"https:\/\/frachtschiffreisen-pfeiffer.de\/en\/wp-json\/wp\/v2\/pages\/3022"}],"wp:attachment":[{"href":"https:\/\/frachtschiffreisen-pfeiffer.de\/en\/wp-json\/wp\/v2\/media?parent=5347"}],"curies":[{"name":"wp","href":"https:\/\/api.w.org\/{rel}","templated":true}]}}